{"id":1239,"date":"2024-01-09T22:41:46","date_gmt":"2024-01-09T21:41:46","guid":{"rendered":"https:\/\/www.wilke-hagen.de\/?page_id=1239"},"modified":"2026-03-25T16:00:09","modified_gmt":"2026-03-25T15:00:09","slug":"datenschutzerklaerung-2","status":"publish","type":"page","link":"https:\/\/www.hugo-schmitz.de\/?page_id=1239","title":{"rendered":"HinweisgeberschutzG bei Risse + Wilke"},"content":{"rendered":"<div id=\"pl-1239\"  class=\"panel-layout\" ><div id=\"pg-1239-0\"  class=\"panel-grid panel-no-style\" ><div id=\"pgc-1239-0-0\"  class=\"panel-grid-cell\" ><div id=\"panel-1239-0-0-0\" class=\"so-panel widget widget_sow-editor panel-first-child panel-last-child\" data-index=\"0\" ><div\n\t\t\t\n\t\t\tclass=\"so-widget-sow-editor so-widget-sow-editor-base\"\n\t\t\t\n\t\t><h3 class=\"widget-title\">HinweisgeberschutzG bei der Risse + Wilke Unternehmensgruppe<\/h3>\n<div class=\"siteorigin-widget-tinymce textwidget\">\n\t<p><span style=\"color: #333333;\">Die Risse + Wilke Unternehmensgruppe hat ein System zur Absetzung von Hinweisen auf (m\u00f6gliche) Rechtsverletzungen eingerichtet. Nur wenn wir Hinweise auf m\u00f6gliche oder bestehende Rechtsverletzungen erhalten, k\u00f6nnen wir gegen diese vorgehen und Risiken minimieren, unseren Ruf sch\u00fctzen und das uns entgegengebrachte Vertrauen nach innen und au\u00dfen sichern.<\/span><\/p>\n<p><span style=\"color: #333333;\"><strong>Meldeberechtigte<\/strong><\/span><br \/>\n<span style=\"color: #333333;\">Das System steht allen Besch\u00e4ftigten der Risse + Wilke Unternehmensgruppe zur Verf\u00fcgung.<\/span><\/p>\n<p><span style=\"color: #333333;\"><strong>Unsere Ziele<\/strong> <\/span><br \/>\n<span style=\"color: #333333;\">Mit dem installierten Hinweisgebersystem verfolgen wir unterschiedliche Ziele:<\/span><\/p>\n<p><span style=\"color: #333333;\">- Schutz des Unternehmens und aller Besch\u00e4ftigten,<\/span><br \/>\n<span style=\"color: #333333;\">- Einhaltung von Werten, Richtlinien und Gesetzen,<\/span><br \/>\n<span style=\"color: #333333;\">- Bek\u00e4mpfung von Korruption, Wirtschaftskriminalit\u00e4t und anderen illegalen Aktivit\u00e4ten bzw. unethischem Verhalten,<\/span><br \/>\n<span style=\"color: #333333;\">- Eindeutiges Statement des Managements zur Ermutigung und Unterst\u00fctzung von hinweisgebenden Personen,<\/span><br \/>\n<span style=\"color: #333333;\">- Erf\u00fcllung des deutschen Hinweisgeberschutzgesetzes (HinSchG),<\/span><br \/>\n<span style=\"color: #333333;\">- Erm\u00f6glichung einer orts- und zeitunabh\u00e4ngigen Hinweisabgabe<\/span><\/p>\n<p><span style=\"color: #333333;\"><strong>Das Hinweissystem und Abgabe von Meldungen<\/strong><\/span><br \/>\n<span style=\"color: #333333;\">Die Entgegennahme von Hinweisen erfolgt durch eine von uns beauftragte und spezialisierte Rechtsanwaltskanzlei, die auch die erforderlichen internen Untersuchungen vornehmen wird. Die Rechtsanwaltskanzlei wird<\/span><\/p>\n<p><span style=\"color: #333333;\">- den Hinweis anonymisieren, soweit dies f\u00fcr den Schutz der hinweisgebenden Person oder anderer Personen erforderlich ist, und die hinweisgebende Person einer Weitergabe ihrer personenbezogenen Daten nicht zugestimmt hat und<\/span><br \/>\n<span style=\"color: #333333;\">- mit der hinweisgebenden Person Kontakt halten, auch um weitere relevante Informationen zu erhalten, soweit die Kontaktdaten der hinweisgebenden Person vorliegen, und<\/span><br \/>\n<span style=\"color: #333333;\">- die Ermittlungen innerhalb des betroffenen Unternehmens anleiten und durchf\u00fchren.<\/span><\/p>\n<p><span style=\"color: #333333;\"><strong>Die Beauftragung ist erfolgt an:<\/strong><\/span><\/p>\n<p><span style=\"color: #333333;\">Rechtsanwalt Prof. Andreas G\u00f6bel<\/span><\/p>\n<p><span style=\"color: #333333;\">Aschenbergstr. 3, 58097 Hagen<\/span><\/p>\n<p>&nbsp;<\/p>\n<p><span style=\"color: #333333;\">Zur Abgabe von Meldungen haben wir die folgende, niederschwellige M\u00f6glichkeit eingerichtet:<\/span><\/p>\n<p><span style=\"color: #333333;\">- \u00fcber das <span style=\"text-decoration: underline;\"><strong>eingerichtete Hinweisgeberportal<\/strong> <\/span>Jeder Person ist es m\u00f6glich, Hinweise einzusenden.<\/span><br \/>\n<span style=\"color: #333333;\">- Pers\u00f6nlich oder per Video-Konferenz: Dies ist aber nach der Erstmeldung \u00fcber das Hinweisgeberportal m\u00f6glich.<\/span><\/p>\n<p><span style=\"color: #333333;\"><strong>Anonyme Meldungen<\/strong><\/span><br \/>\n<span style=\"color: #333333;\">Die Anonymisierung stellt einen wichtigen Faktor bei dem Hinweissystem dar, denn die M\u00f6glichkeit, einen Hinweis ohne Nennung des eigenen Namens abzugeben, senkt die Hemmschwelle. Daher werden Meldungen, die \u00fcber das Hinweisgebersystem eingehen, zun\u00e4chst anonymisiert.<\/span><\/p>\n<p><span style=\"color: #333333;\">Insbesondere bei bereits anonym abgegebenen Hinweisen sollte die hinweisgebende Person allerdings darauf achten, dass das betroffene Unternehmen und der Sachverhalt so genau wie m\u00f6glich zu beschreiben ist. Denn nur dann kann eine Zuordnung durch die Rechtsanwaltskanzlei und eine geeignete Ermittlung und Abstellung des (vermuteten) Rechtsversto\u00dfes erfolgen. Hierbei bitten wir zu ber\u00fccksichtigen, dass bei einer anonymen Meldung per Post R\u00fcckfragen in der Regel nicht m\u00f6glich sind und die weitere Sachverhaltsaufkl\u00e4rung erschwert sein kann.<\/span><\/p>\n<p><span style=\"color: #333333;\"><strong>Reaktionszeiten und R\u00fcckmeldung<\/strong><\/span><br \/>\n<span style=\"color: #333333;\">Liegen Ihre Kontaktdaten vor, erfolgt nach sp\u00e4testens sieben Tagen eine Eingangsbest\u00e4tigung durch die Rechtsanwaltskanzlei. Sp\u00e4testens drei Monate nach Eingang des Hinweises erh\u00e4lt die hinweisgebende Person eine R\u00fcckmeldung zum Ergebnis der Ermittlungen und zu den getroffenen Ma\u00dfnahmen, soweit hierdurch nicht etwaige Ma\u00dfnahmen vereitelt werden.<\/span><\/p>\n<p><span style=\"color: #333333;\"><strong>Nach Eingang des Hinweises<\/strong><\/span><br \/>\n<span style=\"color: #333333;\">Die Rechtsanwaltskanzlei bewertet den Hinweis inhaltlich und sch\u00e4tzt ein, ob eine interne Untersuchung notwendig ist. Die interne Untersuchung, sowie die Ermittlung des weiteren Sachverhalts wird durch die Rechtsanwaltskanzlei in unserem Auftrag durchgef\u00fchrt. Dabei werden Unterlagen gesichtet und ggf. Beteiligte befragt. Nach Abschluss der Untersuchung werden erforderliche und geeignete Ma\u00dfnahmen abgeleitet und der Gesch\u00e4ftsleitung berichtet. Die Gesch\u00e4ftsleitung entscheidet \u00fcber die Umsetzung.<\/span><\/p>\n<p><span style=\"color: #333333;\"><strong>Andere Meldestellen<\/strong><\/span><br \/>\n<span style=\"color: #333333;\">Durch die Einrichtung einer Meldestelle gem\u00e4\u00df unserer Whistleblowing-Richtlinie soll nicht die M\u00f6glichkeit beschr\u00e4nkt werden, zust\u00e4ndige Stellen des Bundes und der L\u00e4nder unmittelbar zu unterrichten. F\u00fcr die Entgegennahme von Meldungen nach dem HinSchG ist auch zust\u00e4ndig:<\/span><\/p>\n<p><span style=\"color: #333333;\">Das Bundesamt f\u00fcr Justiz, Adenauerallee 99 -103, 53113 Bonn. Davon unabh\u00e4ngig bleiben Strafverfolgungs-, Ordnungs-, Finanz-, Gesundheits- und Datenschutzaufsichtsbeh\u00f6rden in deren jeweiligen sachlichen Bereichen zust\u00e4ndig. Bevor Sie sich an diese Stellen wenden, empfehlen wir aber, zun\u00e4chst unseren vorstehend beschriebenen internen Meldekanal zu nutzen und das Ergebnis der Untersuchung abzuwarten. Denn eine Berechtigung zur Einschaltung \u00f6ffentlicher Stellen wird von den Gerichten nur bei Vorliegen eines erheblichen \u00f6ffentlichen Interesses angenommen (Europ\u00e4ischen Menschenrechtsgerichtshof, 16.2.2021 \u2013 23922\/19).<\/span><\/p>\n<\/div>\n<\/div><\/div><\/div><\/div><\/div>","protected":false},"excerpt":{"rendered":"<p>Die Risse + Wilke Unternehmensgruppe hat ein System zur Absetzung von Hinweisen auf (m\u00f6gliche) Rechtsverletzungen eingerichtet. Nur wenn wir Hinweise auf m\u00f6gliche oder bestehende Rechtsverletzungen erhalten, k\u00f6nnen wir gegen diese vorgehen und Risiken minimieren, unseren Ruf sch\u00fctzen und das uns entgegengebrachte Vertrauen nach innen und au\u00dfen sichern. Meldeberechtigte Das System steht allen Besch\u00e4ftigten der Risse [&hellip;]<\/p>\n","protected":false},"author":1,"featured_media":0,"parent":0,"menu_order":0,"comment_status":"closed","ping_status":"closed","template":"","meta":{"footnotes":""},"class_list":["post-1239","page","type-page","status-publish","hentry","post"],"_links":{"self":[{"href":"https:\/\/www.hugo-schmitz.de\/index.php?rest_route=\/wp\/v2\/pages\/1239","targetHints":{"allow":["GET"]}}],"collection":[{"href":"https:\/\/www.hugo-schmitz.de\/index.php?rest_route=\/wp\/v2\/pages"}],"about":[{"href":"https:\/\/www.hugo-schmitz.de\/index.php?rest_route=\/wp\/v2\/types\/page"}],"author":[{"embeddable":true,"href":"https:\/\/www.hugo-schmitz.de\/index.php?rest_route=\/wp\/v2\/users\/1"}],"replies":[{"embeddable":true,"href":"https:\/\/www.hugo-schmitz.de\/index.php?rest_route=%2Fwp%2Fv2%2Fcomments&post=1239"}],"version-history":[{"count":8,"href":"https:\/\/www.hugo-schmitz.de\/index.php?rest_route=\/wp\/v2\/pages\/1239\/revisions"}],"predecessor-version":[{"id":1520,"href":"https:\/\/www.hugo-schmitz.de\/index.php?rest_route=\/wp\/v2\/pages\/1239\/revisions\/1520"}],"wp:attachment":[{"href":"https:\/\/www.hugo-schmitz.de\/index.php?rest_route=%2Fwp%2Fv2%2Fmedia&parent=1239"}],"curies":[{"name":"wp","href":"https:\/\/api.w.org\/{rel}","templated":true}]}}