{"id":140,"date":"2017-06-25T10:28:17","date_gmt":"2017-06-25T10:28:17","guid":{"rendered":"http:\/\/vantage.packs.siteorigin.com\/?page_id=140"},"modified":"2026-04-19T22:23:56","modified_gmt":"2026-04-19T20:23:56","slug":"contact","status":"publish","type":"page","link":"https:\/\/www.hugo-schmitz.de\/?page_id=140","title":{"rendered":"Kontakt"},"content":{"rendered":"<div id=\"pl-140\"  class=\"panel-layout\" ><div id=\"pg-140-0\"  class=\"panel-grid panel-has-style\" ><div class=\"so-parallax siteorigin-panels-stretch panel-row-style panel-row-style-for-140-0\" data-stretch-type=\"full\" ><img fetchpriority=\"high\" decoding=\"async\" width=\"1920\" height=\"1080\" src=\"https:\/\/www.hugo-schmitz.de\/wp-content\/uploads\/2026\/03\/bildschirm-2.jpg\" class=\"attachment-full size-full\" alt=\"\" data-siteorigin-parallax=\"true\" loading=\"eager\" srcset=\"https:\/\/www.hugo-schmitz.de\/wp-content\/uploads\/2026\/03\/bildschirm-2.jpg 1920w, https:\/\/www.hugo-schmitz.de\/wp-content\/uploads\/2026\/03\/bildschirm-2-300x169.jpg 300w, https:\/\/www.hugo-schmitz.de\/wp-content\/uploads\/2026\/03\/bildschirm-2-1024x576.jpg 1024w, https:\/\/www.hugo-schmitz.de\/wp-content\/uploads\/2026\/03\/bildschirm-2-768x432.jpg 768w, https:\/\/www.hugo-schmitz.de\/wp-content\/uploads\/2026\/03\/bildschirm-2-1536x864.jpg 1536w\" sizes=\"(max-width: 1920px) 100vw, 1920px\" \/><div id=\"pgc-140-0-0\"  class=\"panel-grid-cell\" ><div id=\"panel-140-0-0-0\" class=\"so-panel widget widget_sow-headline panel-first-child panel-last-child\" data-index=\"0\" ><div\n\t\t\t\n\t\t\tclass=\"so-widget-sow-headline so-widget-sow-headline-default-05582fdcd7dd-140 so-widget-fittext-wrapper\"\n\t\t\t data-fit-text-compressor=\"0.85\"\n\t\t><div class=\"sow-headline-container \">\n\t\t\t\t\t\t\t<h1 class=\"sow-headline\">\n\t\t\t\t\t\tIhr Ansprechpartner\t\t\t\t\t\t<\/h1>\n\t\t\t\t\t\t\t\t\t\t\t\t<h3 class=\"sow-sub-headline\">\n\t\t\t\t\t\tf\u00fcr Special Stahl, Kaltband und weitere Services ...\t\t\t\t\t\t<\/h3>\n\t\t\t\t\t\t<\/div>\n<\/div><\/div><\/div><\/div><\/div><div id=\"pg-140-1\"  class=\"panel-grid panel-has-style\" ><div class=\"siteorigin-panels-stretch panel-row-style panel-row-style-for-140-1\" data-stretch-type=\"full-width-stretch\" ><div id=\"pgc-140-1-0\"  class=\"panel-grid-cell\" ><div id=\"panel-140-1-0-0\" class=\"so-panel widget widget_sow-editor panel-first-child panel-last-child\" data-index=\"1\" ><div class=\"panel-widget-style panel-widget-style-for-140-1-0-0\" ><div\n\t\t\t\n\t\t\tclass=\"so-widget-sow-editor so-widget-sow-editor-base\"\n\t\t\t\n\t\t><h3 class=\"widget-title\">Gesch\u00e4ftsf\u00fchrung<\/h3>\n<div class=\"siteorigin-widget-tinymce textwidget\">\n\t<div class=\"siteorigin-widget-tinymce textwidget\">\n<p style=\"text-align: center;\"><img loading=\"lazy\" decoding=\"async\" class=\"alignnone wp-image-1522\" src=\"https:\/\/www.hugo-schmitz.de\/wp-content\/uploads\/2026\/03\/Joerg_Lohoelter_p-215x300.jpg\" alt=\"\" width=\"143\" height=\"200\" srcset=\"https:\/\/www.hugo-schmitz.de\/wp-content\/uploads\/2026\/03\/Joerg_Lohoelter_p-215x300.jpg 215w, https:\/\/www.hugo-schmitz.de\/wp-content\/uploads\/2026\/03\/Joerg_Lohoelter_p.jpg 716w\" sizes=\"auto, (max-width: 143px) 100vw, 143px\" \/><\/p>\n<p style=\"text-align: center;\"><span style=\"font-size: 12pt; color: #000000;\">J\u00f6rg Loh\u00f6lter<\/span><\/p>\n<p style=\"text-align: center;\"><span style=\"font-size: 12pt; color: #000000;\">Gesch\u00e4ftsf\u00fchrung<\/span><\/p>\n<p style=\"text-align: center;\"><span style=\"font-size: 12pt; color: #000000;\">Special Steel Service<\/span><\/p>\n<p style=\"text-align: center;\"><span style=\"font-size: 12pt; color: #000000;\">+49 2374 935-0<\/span><\/p>\n<p style=\"text-align: center;\"><span style=\"color: #000000;\"><a href=\"https:\/\/hugo-schmitz.de\/?page_id=1549\" target=\"_blank\" rel=\"noopener\"><img loading=\"lazy\" decoding=\"async\" class=\"aligncenter wp-image-1229\" src=\"https:\/\/www.wilke-hagen.de\/wp-content\/uploads\/2023\/12\/mail-300x300.png\" alt=\"\" width=\"100\" height=\"100\" srcset=\"https:\/\/www.hugo-schmitz.de\/wp-content\/uploads\/2023\/12\/mail-300x300.png 300w, https:\/\/www.hugo-schmitz.de\/wp-content\/uploads\/2023\/12\/mail-150x150.png 150w, https:\/\/www.hugo-schmitz.de\/wp-content\/uploads\/2023\/12\/mail-375x375.png 375w, https:\/\/www.hugo-schmitz.de\/wp-content\/uploads\/2023\/12\/mail.png 512w\" sizes=\"auto, (max-width: 100px) 100vw, 100px\" \/><\/a><\/span><\/p>\n<\/div>\n<\/div>\n<\/div><\/div><\/div><\/div><div id=\"pgc-140-1-1\"  class=\"panel-grid-cell\" ><div id=\"panel-140-1-1-0\" class=\"so-panel widget widget_sow-editor panel-first-child panel-last-child\" data-index=\"2\" ><div class=\"panel-widget-style panel-widget-style-for-140-1-1-0\" ><div\n\t\t\t\n\t\t\tclass=\"so-widget-sow-editor so-widget-sow-editor-base\"\n\t\t\t\n\t\t><h3 class=\"widget-title\">Vertrieb<\/h3>\n<div class=\"siteorigin-widget-tinymce textwidget\">\n\t<div class=\"siteorigin-widget-tinymce textwidget\">\n<p style=\"text-align: center;\"><span style=\"color: #ffffff; font-family: arial, helvetica, sans-serif;\"><img loading=\"lazy\" decoding=\"async\" class=\"alignnone wp-image-1398\" src=\"https:\/\/www.hugo-schmitz.de\/wp-content\/uploads\/2026\/03\/Jacqueline_Pietrucha_p-211x300.jpg\" alt=\"\" width=\"141\" height=\"200\" srcset=\"https:\/\/www.hugo-schmitz.de\/wp-content\/uploads\/2026\/03\/Jacqueline_Pietrucha_p-211x300.jpg 211w, https:\/\/www.hugo-schmitz.de\/wp-content\/uploads\/2026\/03\/Jacqueline_Pietrucha_p-720x1024.jpg 720w, https:\/\/www.hugo-schmitz.de\/wp-content\/uploads\/2026\/03\/Jacqueline_Pietrucha_p.jpg 750w\" sizes=\"auto, (max-width: 141px) 100vw, 141px\" \/><\/span><\/p>\n<p style=\"text-align: center;\"><span style=\"font-size: 12pt; color: #000000;\">Jaqueline Pietrucha<\/span><\/p>\n<p style=\"text-align: center;\"><span style=\"font-size: 12pt; color: #000000;\">Vertrieb<\/span><\/p>\n<p style=\"text-align: center;\"><span style=\"font-size: 12pt; color: #000000;\">Special Steel Services\u00a0<\/span><\/p>\n<p style=\"text-align: center;\"><span style=\"font-size: 12pt; color: #000000;\">+49 2374 935-275<\/span><\/p>\n<p style=\"text-align: center;\"><span style=\"color: #000000;\"><a href=\"https:\/\/hugo-schmitz.de\/?page_id=1140\" target=\"_blank\" rel=\"noopener\"><img loading=\"lazy\" decoding=\"async\" class=\"aligncenter wp-image-1229\" style=\"font-family: arial, helvetica, sans-serif;\" src=\"https:\/\/www.wilke-hagen.de\/wp-content\/uploads\/2023\/12\/mail-300x300.png\" alt=\"\" width=\"100\" height=\"100\" srcset=\"https:\/\/www.hugo-schmitz.de\/wp-content\/uploads\/2023\/12\/mail-300x300.png 300w, https:\/\/www.hugo-schmitz.de\/wp-content\/uploads\/2023\/12\/mail-150x150.png 150w, https:\/\/www.hugo-schmitz.de\/wp-content\/uploads\/2023\/12\/mail-375x375.png 375w, https:\/\/www.hugo-schmitz.de\/wp-content\/uploads\/2023\/12\/mail.png 512w\" sizes=\"auto, (max-width: 100px) 100vw, 100px\" \/><\/a><\/span><\/p>\n<\/div>\n<\/div>\n<\/div><\/div><\/div><\/div><div id=\"pgc-140-1-2\"  class=\"panel-grid-cell\" ><div id=\"panel-140-1-2-0\" class=\"so-panel widget widget_sow-editor panel-first-child panel-last-child\" data-index=\"3\" ><div class=\"panel-widget-style panel-widget-style-for-140-1-2-0\" ><div\n\t\t\t\n\t\t\tclass=\"so-widget-sow-editor so-widget-sow-editor-base\"\n\t\t\t\n\t\t><h3 class=\"widget-title\">Vertrieb Export<\/h3>\n<div class=\"siteorigin-widget-tinymce textwidget\">\n\t<div class=\"siteorigin-widget-tinymce textwidget\">\n<p style=\"text-align: center;\"><span style=\"color: #ffffff; font-family: arial, helvetica, sans-serif;\"><img loading=\"lazy\" decoding=\"async\" class=\"alignnone wp-image-1767\" src=\"https:\/\/www.hugo-schmitz.de\/wp-content\/uploads\/2026\/04\/Anja_Tillmann-1-211x300.jpg\" alt=\"\" width=\"141\" height=\"200\" srcset=\"https:\/\/www.hugo-schmitz.de\/wp-content\/uploads\/2026\/04\/Anja_Tillmann-1-211x300.jpg 211w, https:\/\/www.hugo-schmitz.de\/wp-content\/uploads\/2026\/04\/Anja_Tillmann-1-720x1024.jpg 720w, https:\/\/www.hugo-schmitz.de\/wp-content\/uploads\/2026\/04\/Anja_Tillmann-1.jpg 750w\" sizes=\"auto, (max-width: 141px) 100vw, 141px\" \/><\/span><\/p>\n<p style=\"text-align: center;\"><span style=\"font-size: 12pt; color: #000000;\">Anja Tillmann<\/span><\/p>\n<p style=\"text-align: center;\"><span style=\"font-size: 12pt; color: #000000;\">Vertrieb Export<\/span><\/p>\n<p style=\"text-align: center;\"><span style=\"font-size: 12pt; color: #000000;\">Special Steel Services\u00a0<\/span><\/p>\n<p style=\"text-align: center;\"><span style=\"font-size: 12pt; color: #000000;\">+49 2374 935-295<\/span><\/p>\n<p style=\"text-align: center;\"><span style=\"color: #000000;\"><a href=\"https:\/\/hugo-schmitz.de\/?page_id=1760\" target=\"_blank\" rel=\"noopener\"><img loading=\"lazy\" decoding=\"async\" class=\"aligncenter wp-image-1229\" style=\"font-family: arial, helvetica, sans-serif;\" src=\"https:\/\/www.wilke-hagen.de\/wp-content\/uploads\/2023\/12\/mail-300x300.png\" alt=\"\" width=\"100\" height=\"100\" srcset=\"https:\/\/www.hugo-schmitz.de\/wp-content\/uploads\/2023\/12\/mail-300x300.png 300w, https:\/\/www.hugo-schmitz.de\/wp-content\/uploads\/2023\/12\/mail-150x150.png 150w, https:\/\/www.hugo-schmitz.de\/wp-content\/uploads\/2023\/12\/mail-375x375.png 375w, https:\/\/www.hugo-schmitz.de\/wp-content\/uploads\/2023\/12\/mail.png 512w\" sizes=\"auto, (max-width: 100px) 100vw, 100px\" \/><\/a><\/span><\/p>\n<\/div>\n<\/div>\n<\/div><\/div><\/div><\/div><div id=\"pgc-140-1-3\"  class=\"panel-grid-cell\" ><div id=\"panel-140-1-3-0\" class=\"so-panel widget widget_sow-editor panel-first-child panel-last-child\" data-index=\"4\" ><div class=\"panel-widget-style panel-widget-style-for-140-1-3-0\" ><div\n\t\t\t\n\t\t\tclass=\"so-widget-sow-editor so-widget-sow-editor-base\"\n\t\t\t\n\t\t><h3 class=\"widget-title\">Qualit\u00e4t<\/h3>\n<div class=\"siteorigin-widget-tinymce textwidget\">\n\t<div class=\"siteorigin-widget-tinymce textwidget\">\n<p style=\"text-align: center;\"><img loading=\"lazy\" decoding=\"async\" class=\"alignnone wp-image-1403\" src=\"https:\/\/www.hugo-schmitz.de\/wp-content\/uploads\/2026\/03\/Patrick_Gollin_p-e1775498324716-222x300.jpg\" alt=\"\" width=\"148\" height=\"200\" srcset=\"https:\/\/www.hugo-schmitz.de\/wp-content\/uploads\/2026\/03\/Patrick_Gollin_p-e1775498324716-222x300.jpg 222w, https:\/\/www.hugo-schmitz.de\/wp-content\/uploads\/2026\/03\/Patrick_Gollin_p-e1775498324716.jpg 493w\" sizes=\"auto, (max-width: 148px) 100vw, 148px\" \/><\/p>\n<p style=\"text-align: center;\"><span style=\"font-size: 12pt; color: #000000;\">Patrick Gollin<\/span><\/p>\n<p style=\"text-align: center;\"><span style=\"font-size: 12pt; color: #000000;\">Qualit\u00e4t<\/span><\/p>\n<p style=\"text-align: center;\"><span style=\"font-size: 12pt; color: #000000;\">Special Steel Services\u00a0<\/span><\/p>\n<p style=\"text-align: center;\"><span style=\"font-size: 12pt; color: #000000;\">+49 2374 935-273<\/span><\/p>\n<p style=\"text-align: center;\"><span style=\"color: #000000;\"><a href=\"https:\/\/hugo-schmitz.de\/?page_id=1546\" target=\"_blank\" rel=\"noopener\"><img loading=\"lazy\" decoding=\"async\" class=\"aligncenter wp-image-1229\" style=\"font-family: arial, helvetica, sans-serif;\" src=\"https:\/\/www.wilke-hagen.de\/wp-content\/uploads\/2023\/12\/mail-300x300.png\" alt=\"\" width=\"100\" height=\"100\" srcset=\"https:\/\/www.hugo-schmitz.de\/wp-content\/uploads\/2023\/12\/mail-300x300.png 300w, https:\/\/www.hugo-schmitz.de\/wp-content\/uploads\/2023\/12\/mail-150x150.png 150w, https:\/\/www.hugo-schmitz.de\/wp-content\/uploads\/2023\/12\/mail-375x375.png 375w, https:\/\/www.hugo-schmitz.de\/wp-content\/uploads\/2023\/12\/mail.png 512w\" sizes=\"auto, (max-width: 100px) 100vw, 100px\" \/><\/a><\/span><\/p>\n<\/div>\n<\/div>\n<\/div><\/div><\/div><\/div><div id=\"pgc-140-1-4\"  class=\"panel-grid-cell\" ><div id=\"panel-140-1-4-0\" class=\"so-panel widget widget_sow-editor panel-first-child panel-last-child\" data-index=\"5\" ><div class=\"panel-widget-style panel-widget-style-for-140-1-4-0\" ><div\n\t\t\t\n\t\t\tclass=\"so-widget-sow-editor so-widget-sow-editor-base\"\n\t\t\t\n\t\t><h3 class=\"widget-title\">Anschrift<\/h3>\n<div class=\"siteorigin-widget-tinymce textwidget\">\n\t<div class=\"siteorigin-widget-tinymce textwidget\">\n<h2><span style=\"color: #000000; font-family: arial, helvetica, sans-serif;\">Hugo Schmitz GmbH &amp; Co. KG<\/span><\/h2>\n<p><span style=\"color: #000000; font-family: arial, helvetica, sans-serif;\">Stenglingser Weg 46<\/span><br \/>\n<span style=\"color: #000000; font-family: arial, helvetica, sans-serif;\">D-58642 Iserlohn<\/span><\/p>\n<h1><span style=\"color: #000000; font-family: arial, helvetica, sans-serif;\">Phone<\/span><\/h1>\n<p><span style=\"color: #000000; font-family: arial, helvetica, sans-serif;\">+49 (0) 2374\/935-0<\/span><\/p>\n<p>&nbsp;<\/p>\n<p><span style=\"color: #000000; font-family: arial, helvetica, sans-serif;\">Mail: <a href=\"mailto:info@hugo-schmitz.de\" target=\"_blank\" rel=\"noopener\">info@hugo-schmitz.de<\/a><\/span><\/p>\n<p><span style=\"color: #000000; font-family: arial, helvetica, sans-serif;\">Internet: www.hugo-schmitz.de<\/span><\/p>\n<\/div>\n<\/div>\n<\/div><\/div><\/div><\/div><\/div><\/div><div id=\"pg-140-2\"  class=\"panel-grid panel-has-style\" ><div class=\"siteorigin-panels-stretch panel-row-style panel-row-style-for-140-2\" data-stretch-type=\"full\" ><div id=\"pgc-140-2-0\"  class=\"panel-grid-cell\" ><div id=\"panel-140-2-0-0\" class=\"so-panel widget widget_sow-headline panel-first-child panel-last-child\" data-index=\"6\" ><div\n\t\t\t\n\t\t\tclass=\"so-widget-sow-headline so-widget-sow-headline-default-f1a20b161e9b-140\"\n\t\t\t\n\t\t><div class=\"sow-headline-container \">\n\t\t\t\t\t\t\t<h2 class=\"sow-headline\">\n\t\t\t\t\t\tWeitere Vertriebspartner Export\t\t\t\t\t\t<\/h2>\n\t\t\t\t\t\t\t\t\t\t\t<div class=\"decoration\">\n\t\t\t\t\t\t<div class=\"decoration-inside\"><\/div>\n\t\t\t\t\t<\/div>\n\t\t\t\t\t<\/div>\n<\/div><\/div><\/div><\/div><\/div><div id=\"pg-140-3\"  class=\"panel-grid panel-has-style\" ><div class=\"siteorigin-panels-stretch panel-row-style panel-row-style-for-140-3\" data-stretch-type=\"full\" ><div id=\"pgc-140-3-0\"  class=\"panel-grid-cell\" ><div id=\"panel-140-3-0-0\" class=\"so-panel widget widget_sow-editor panel-first-child panel-last-child\" data-index=\"7\" ><div class=\"panel-widget-style panel-widget-style-for-140-3-0-0\" ><div\n\t\t\t\n\t\t\tclass=\"so-widget-sow-editor so-widget-sow-editor-base\"\n\t\t\t\n\t\t><h3 class=\"widget-title\">D\u00e4nemark u. Schweden<\/h3>\n<div class=\"siteorigin-widget-tinymce textwidget\">\n\t<div class=\"siteorigin-widget-tinymce textwidget\">\n<p style=\"text-align: center;\"><img loading=\"lazy\" decoding=\"async\" class=\"alignnone wp-image-1592 size-full\" src=\"https:\/\/www.hugo-schmitz.de\/wp-content\/uploads\/2026\/04\/logo_zeller.jpg\" alt=\"\" width=\"100\" height=\"25\" \/><\/p>\n<p style=\"text-align: center;\">AB Zeller &amp; Co.<\/p>\n<p style=\"text-align: center;\">Fraktv\u00e4gen 7B<\/p>\n<p style=\"text-align: center;\">SE-43533M\u00f6lnlycke<\/p>\n<p style=\"text-align: center;\">Tel: + 46 31 748 68 00<br \/>\nFax: + 46 31 28 54 65<br \/>\n<span style=\"color: #000000;\"><a href=\"mailto:info@zeller.se\" target=\"_blank\" rel=\"noopener\"><img loading=\"lazy\" decoding=\"async\" class=\"aligncenter wp-image-1229\" src=\"https:\/\/www.wilke-hagen.de\/wp-content\/uploads\/2023\/12\/mail-300x300.png\" alt=\"\" width=\"100\" height=\"100\" srcset=\"https:\/\/www.hugo-schmitz.de\/wp-content\/uploads\/2023\/12\/mail-300x300.png 300w, https:\/\/www.hugo-schmitz.de\/wp-content\/uploads\/2023\/12\/mail-150x150.png 150w, https:\/\/www.hugo-schmitz.de\/wp-content\/uploads\/2023\/12\/mail-375x375.png 375w, https:\/\/www.hugo-schmitz.de\/wp-content\/uploads\/2023\/12\/mail.png 512w\" sizes=\"auto, (max-width: 100px) 100vw, 100px\" \/><\/a><\/span><\/p>\n<\/div>\n<\/div>\n<\/div><\/div><\/div><\/div><div id=\"pgc-140-3-1\"  class=\"panel-grid-cell\" ><div id=\"panel-140-3-1-0\" class=\"so-panel widget widget_sow-editor panel-first-child panel-last-child\" data-index=\"8\" ><div class=\"panel-widget-style panel-widget-style-for-140-3-1-0\" ><div\n\t\t\t\n\t\t\tclass=\"so-widget-sow-editor so-widget-sow-editor-base\"\n\t\t\t\n\t\t><h3 class=\"widget-title\">China<\/h3>\n<div class=\"siteorigin-widget-tinymce textwidget\">\n\t<div class=\"siteorigin-widget-tinymce textwidget\">\n<p style=\"text-align: center;\">Keliao Zheng<\/p>\n<p style=\"text-align: center;\">88 Keyuan Road, Unit 652, Tower 3<\/p>\n<p style=\"text-align: center;\">Zhangjiang Hi-Tech Park Pudong<\/p>\n<p style=\"text-align: center;\">201203 Shanghai, China<\/p>\n<p style=\"text-align: center;\">Phone: +86 186 1665 0001<\/p>\n<p style=\"text-align: center;\"><span style=\"color: #000000;\"><a href=\"mailto:k.zheng@risse-wilke.de\" target=\"_blank\" rel=\"noopener\"><img loading=\"lazy\" decoding=\"async\" class=\"aligncenter wp-image-1229\" style=\"font-family: arial, helvetica, sans-serif;\" src=\"https:\/\/www.wilke-hagen.de\/wp-content\/uploads\/2023\/12\/mail-300x300.png\" alt=\"\" width=\"100\" height=\"100\" srcset=\"https:\/\/www.hugo-schmitz.de\/wp-content\/uploads\/2023\/12\/mail-300x300.png 300w, https:\/\/www.hugo-schmitz.de\/wp-content\/uploads\/2023\/12\/mail-150x150.png 150w, https:\/\/www.hugo-schmitz.de\/wp-content\/uploads\/2023\/12\/mail-375x375.png 375w, https:\/\/www.hugo-schmitz.de\/wp-content\/uploads\/2023\/12\/mail.png 512w\" sizes=\"auto, (max-width: 100px) 100vw, 100px\" \/><\/a><\/span><\/p>\n<\/div>\n<\/div>\n<\/div><\/div><\/div><\/div><div id=\"pgc-140-3-2\"  class=\"panel-grid-cell\" ><div id=\"panel-140-3-2-0\" class=\"so-panel widget widget_sow-editor panel-first-child panel-last-child\" data-index=\"9\" ><div class=\"panel-widget-style panel-widget-style-for-140-3-2-0\" ><div\n\t\t\t\n\t\t\tclass=\"so-widget-sow-editor so-widget-sow-editor-base\"\n\t\t\t\n\t\t>\n<div class=\"siteorigin-widget-tinymce textwidget\">\n\t<div class=\"siteorigin-widget-tinymce textwidget\">\n<p><img loading=\"lazy\" decoding=\"async\" class=\"aligncenter wp-image-1591 size-full\" src=\"https:\/\/www.hugo-schmitz.de\/wp-content\/uploads\/2026\/04\/ruw_shanghai.jpg\" alt=\"\" width=\"300\" height=\"213\" \/><\/p>\n<\/div>\n<\/div>\n<\/div><\/div><\/div><\/div><\/div><\/div><div id=\"pg-140-4\"  class=\"panel-grid panel-has-style\" ><div class=\"siteorigin-panels-stretch panel-row-style panel-row-style-for-140-4\" data-stretch-type=\"full-width-stretch\" ><div id=\"pgc-140-4-0\"  class=\"panel-grid-cell\" ><div id=\"panel-140-4-0-0\" class=\"widget_text so-panel widget widget_custom_html panel-first-child panel-last-child\" data-index=\"10\" ><h3 class=\"widget-title\">Hugo Schmitz Special Steel Services im Hause der Risse + Wilke Kaltband GmbH &#038; Co. KG<\/h3><div class=\"textwidget custom-html-widget\"><iframe loading=\"lazy\" style=\"border: 0;\" src=\"https:\/\/www.google.com\/maps\/embed?pb=!1m18!1m12!1m3!1d8298.24556720038!2d7.630935656801545!3d51.358573421563506!2m3!1f0!2f0!3f0!3m2!1i1024!2i768!4f13.1!3m3!1m2!1s0x47b9392c1b14e0a5%3A0x1a95a95ac2a77987!2sRisse%20%2B%20Wilke%20Kaltband%20GmbH%20%26%20Co.%20KG!5e1!3m2!1sde!2sde!4v1713278891862!5m2!1sde!2sde\" width=\"100%\" height=\"600\" allowfullscreen=\"allowfullscreen\"><\/iframe><\/div><\/div><\/div><\/div><\/div><\/div>","protected":false},"excerpt":{"rendered":"<p>J\u00f6rg Loh\u00f6lter Gesch\u00e4ftsf\u00fchrung Special Steel Service +49 2374 935-0 Jaqueline Pietrucha Vertrieb Special Steel Services\u00a0 +49 2374 935-275 Anja Tillmann Vertrieb Export Special Steel Services\u00a0 +49 2374 935-295 Patrick Gollin Qualit\u00e4t Special Steel Services\u00a0 +49 2374 935-273 Hugo Schmitz GmbH &amp; Co. KG Stenglingser Weg 46 D-58642 Iserlohn Phone +49 (0) 2374\/935-0 &nbsp; Mail: info@hugo-schmitz.de [&hellip;]<\/p>\n","protected":false},"author":1,"featured_media":0,"parent":0,"menu_order":0,"comment_status":"closed","ping_status":"closed","template":"","meta":{"footnotes":""},"class_list":["post-140","page","type-page","status-publish","hentry","post"],"_links":{"self":[{"href":"https:\/\/www.hugo-schmitz.de\/index.php?rest_route=\/wp\/v2\/pages\/140","targetHints":{"allow":["GET"]}}],"collection":[{"href":"https:\/\/www.hugo-schmitz.de\/index.php?rest_route=\/wp\/v2\/pages"}],"about":[{"href":"https:\/\/www.hugo-schmitz.de\/index.php?rest_route=\/wp\/v2\/types\/page"}],"author":[{"embeddable":true,"href":"https:\/\/www.hugo-schmitz.de\/index.php?rest_route=\/wp\/v2\/users\/1"}],"replies":[{"embeddable":true,"href":"https:\/\/www.hugo-schmitz.de\/index.php?rest_route=%2Fwp%2Fv2%2Fcomments&post=140"}],"version-history":[{"count":98,"href":"https:\/\/www.hugo-schmitz.de\/index.php?rest_route=\/wp\/v2\/pages\/140\/revisions"}],"predecessor-version":[{"id":1804,"href":"https:\/\/www.hugo-schmitz.de\/index.php?rest_route=\/wp\/v2\/pages\/140\/revisions\/1804"}],"wp:attachment":[{"href":"https:\/\/www.hugo-schmitz.de\/index.php?rest_route=%2Fwp%2Fv2%2Fmedia&parent=140"}],"curies":[{"name":"wp","href":"https:\/\/api.w.org\/{rel}","templated":true}]}}