{"id":415,"date":"2023-05-09T22:26:18","date_gmt":"2023-05-09T20:26:18","guid":{"rendered":"https:\/\/www.wilke-hagen.de\/?page_id=415"},"modified":"2026-04-09T19:02:36","modified_gmt":"2026-04-09T17:02:36","slug":"impressum","status":"publish","type":"page","link":"https:\/\/www.hugo-schmitz.de\/?page_id=415","title":{"rendered":"Impressum"},"content":{"rendered":"<div id=\"pl-415\"  class=\"panel-layout\" ><div id=\"pg-415-0\"  class=\"panel-grid panel-no-style\" ><div id=\"pgc-415-0-0\"  class=\"panel-grid-cell\" ><div id=\"panel-415-0-0-0\" class=\"so-panel widget widget_sow-editor panel-first-child panel-last-child\" data-index=\"0\" ><div\n\t\t\t\n\t\t\tclass=\"so-widget-sow-editor so-widget-sow-editor-base\"\n\t\t\t\n\t\t>\n<div class=\"siteorigin-widget-tinymce textwidget\">\n\t<div class=\"siteorigin-widget-tinymce textwidget\">\n<div class=\"crate_mainbody moduletable eds-on-scroll eds-scroll-visible animated bounceInLeft duration1\">\n<div class=\"custom eds-on-scroll eds-scroll-visible animated bounceInLeft duration1\">\n<h5>Hugo Schmitz GmbH &amp; Co. KG<\/h5>\n<h5>Special Steel Sales Service - Ein Unternehmen der Risse + Wilke Firmengruppe<\/h5>\n<p>Stenglingser Weg 46\u00a0\u00b7 D-58642 Iserlohn<\/p>\n<p>Gesch\u00e4ftsf\u00fchrer (einzelvertretungsberechtigt):<\/p>\n<p>J\u00f6rg Loh\u00f6lter<\/p>\n<hr \/>\n<div class=\"wrap_all\">\n<div id=\"main\">\n<div class=\"wrap_outer\">\n<div class=\"wrap_inner\">\n<section>\n<div id=\"content\">\n<div class=\"row-fluid\">\n<div class=\"span12\">\n<div class=\"crate_mainbody moduletable eds-on-scroll eds-scroll-visible animated bounceInLeft duration1\">\n<div class=\"custom eds-on-scroll eds-scroll-visible animated bounceInLeft duration1\">\n<p>Tel.: +49 (0) 23 74 \/ 935 275<\/p>\n<p>Fax: +49 (0) 23 74 \/ 935 16 275<\/p>\n<\/div>\n<\/div>\n<\/div>\n<\/div>\n<\/div>\n<\/section>\n<\/div>\n<\/div>\n<\/div>\n<\/div>\n<p>Mail:\u00a0<a href=\"mailto:info@hugo-schmitz.de%20\">info@hugo-schmitz.de<\/a><\/p>\n<p>Internet: www.hugo-schmitz.de<br \/>\n____________________________<\/p>\n<p>Amtsgericht Iserlohn HRA 5427<\/p>\n<p>USt-IdNr.: DE 125 143 259<\/p>\n<hr \/>\n<p><strong>Disclaimer:<\/strong><\/p>\n<p>Der Inhalt dieser Seiten dient der allgemeinen Information. Wir \u00fcbernehmen keine Haftung f\u00fcr Handlungen, die auf Grundlage der auf diesen Seiten enthaltenen Informationsmaterialien unternommen werden. Wir \u00fcbernehmen auch keine Gew\u00e4hr f\u00fcr die Aktualit\u00e4t, Richtigkeit und Vollst\u00e4ndigkeit der auf diesen Web-Seiten bereitgestellten Informationen. Dies gilt auch f\u00fcr alle Seiten, auf die direkt oder indirekt von diesen Seiten aus per Link verwiesen wird.<\/p>\n<\/div>\n<\/div>\n<\/div>\n<\/div>\n<\/div><\/div><\/div><\/div><\/div>","protected":false},"excerpt":{"rendered":"<p>Hugo Schmitz GmbH &amp; Co. KG Special Steel Sales Service &#8211; Ein Unternehmen der Risse + Wilke Firmengruppe Stenglingser Weg 46\u00a0\u00b7 D-58642 Iserlohn Gesch\u00e4ftsf\u00fchrer (einzelvertretungsberechtigt): J\u00f6rg Loh\u00f6lter Tel.: +49 (0) 23 74 \/ 935 275 Fax: +49 (0) 23 74 \/ 935 16 275 Mail:\u00a0info@hugo-schmitz.de Internet: www.hugo-schmitz.de ____________________________ Amtsgericht Iserlohn HRA 5427 USt-IdNr.: DE 125 [&hellip;]<\/p>\n","protected":false},"author":1,"featured_media":0,"parent":0,"menu_order":0,"comment_status":"closed","ping_status":"closed","template":"","meta":{"footnotes":""},"class_list":["post-415","page","type-page","status-publish","hentry","post"],"_links":{"self":[{"href":"https:\/\/www.hugo-schmitz.de\/index.php?rest_route=\/wp\/v2\/pages\/415","targetHints":{"allow":["GET"]}}],"collection":[{"href":"https:\/\/www.hugo-schmitz.de\/index.php?rest_route=\/wp\/v2\/pages"}],"about":[{"href":"https:\/\/www.hugo-schmitz.de\/index.php?rest_route=\/wp\/v2\/types\/page"}],"author":[{"embeddable":true,"href":"https:\/\/www.hugo-schmitz.de\/index.php?rest_route=\/wp\/v2\/users\/1"}],"replies":[{"embeddable":true,"href":"https:\/\/www.hugo-schmitz.de\/index.php?rest_route=%2Fwp%2Fv2%2Fcomments&post=415"}],"version-history":[{"count":13,"href":"https:\/\/www.hugo-schmitz.de\/index.php?rest_route=\/wp\/v2\/pages\/415\/revisions"}],"predecessor-version":[{"id":1790,"href":"https:\/\/www.hugo-schmitz.de\/index.php?rest_route=\/wp\/v2\/pages\/415\/revisions\/1790"}],"wp:attachment":[{"href":"https:\/\/www.hugo-schmitz.de\/index.php?rest_route=%2Fwp%2Fv2%2Fmedia&parent=415"}],"curies":[{"name":"wp","href":"https:\/\/api.w.org\/{rel}","templated":true}]}}